{"id":10,"date":"2020-10-16T01:29:54","date_gmt":"2020-10-16T04:29:54","guid":{"rendered":"https:\/\/www.ppgctsblog.ufscar.br\/?page_id=10"},"modified":"2020-10-16T01:29:54","modified_gmt":"2020-10-16T04:29:54","slug":"pagina-inicial","status":"publish","type":"page","link":"https:\/\/www.ppgctsblog.ufscar.br\/","title":{"rendered":"P\u00e1gina inicial"},"content":{"rendered":"\n<p>Bem-vindo(a) ao seu site! Est\u00e1 \u00e9 sua p\u00e1gina inicial, que \u00e9 a p\u00e1gina que a maioria dos visitantes vai ver quando acessarem o seu site pela primeira vez.<\/p>\n","protected":false},"excerpt":{"rendered":"Bem-vindo(a) ao seu site! Est\u00e1 \u00e9 sua p\u00e1gina inicial, que \u00e9 a p\u00e1gina que a maioria dos visitantes vai ver quando acessarem o \n<a class=\"moretag\" href=\"https:\/\/www.ppgctsblog.ufscar.br\/\"> [...]<\/a>","protected":false},"author":1,"featured_media":0,"parent":0,"menu_order":0,"comment_status":"closed","ping_status":"closed","template":"layouts\/magazine.php","meta":[],"_links":{"self":[{"href":"https:\/\/www.ppgctsblog.ufscar.br\/index.php\/wp-json\/wp\/v2\/pages\/10"}],"collection":[{"href":"https:\/\/www.ppgctsblog.ufscar.br\/index.php\/wp-json\/wp\/v2\/pages"}],"about":[{"href":"https:\/\/www.ppgctsblog.ufscar.br\/index.php\/wp-json\/wp\/v2\/types\/page"}],"author":[{"embeddable":true,"href":"https:\/\/www.ppgctsblog.ufscar.br\/index.php\/wp-json\/wp\/v2\/users\/1"}],"replies":[{"embeddable":true,"href":"https:\/\/www.ppgctsblog.ufscar.br\/index.php\/wp-json\/wp\/v2\/comments?post=10"}],"version-history":[{"count":1,"href":"https:\/\/www.ppgctsblog.ufscar.br\/index.php\/wp-json\/wp\/v2\/pages\/10\/revisions"}],"predecessor-version":[{"id":13,"href":"https:\/\/www.ppgctsblog.ufscar.br\/index.php\/wp-json\/wp\/v2\/pages\/10\/revisions\/13"}],"wp:attachment":[{"href":"https:\/\/www.ppgctsblog.ufscar.br\/index.php\/wp-json\/wp\/v2\/media?parent=10"}],"curies":[{"name":"wp","href":"https:\/\/api.w.org\/{rel}","templated":true}]}}